{"id":2732,"date":"2018-09-20T12:50:43","date_gmt":"2018-09-20T10:50:43","guid":{"rendered":"https:\/\/intereuropolcompetition.eu\/?page_id=2732"},"modified":"2023-12-18T22:49:39","modified_gmt":"2023-12-18T21:49:39","slug":"privacy_policy","status":"publish","type":"page","link":"https:\/\/intereuropolcompetition.eu\/en\/privacy_policy\/","title":{"rendered":"Privacy Policy"},"content":{"rendered":"<p class=\"qtranxs-available-languages-message qtranxs-available-languages-message-en\">Sorry, this entry is only available in <a href=\"https:\/\/intereuropolcompetition.eu\/pl\/wp-json\/wp\/v2\/pages\/2732\" class=\"qtranxs-available-language-link qtranxs-available-language-link-pl\" title=\"Polski\">Polski<\/a>.<\/p><p><\/p>\n<h2>Polityka Prywatno\u015bci<\/h2>\n<p>Inter Europol S.A. , z siedzib\u0105 pod adresem ul. S\u0142oneczna 22 (05-270)<br \/>\nw Markach, zarejestrowana w KRS pod numerem 0000674460 przyjmuje niniejsz\u0105 polityk\u0119 w celu zapewnienia jak najlepszej mo\u017cliwej ochrony danych os\u00f3b fizycznych, kt\u00f3re przetwarza w ramach prowadzonej przez siebie dzia\u0142alno\u015bci gospodarczej oraz wywi\u0105zania si\u0119 z obowi\u0105zk\u00f3w wynikaj\u0105cych z przepis\u00f3w prawa, ze szczeg\u00f3lnym uwzgl\u0119dnieniem Rozporz\u0105dzenia Parlamentu Europejskiego i Rady (UE) 2016\/679 z dnia 27 kwietnia 2016 r. w sprawie ochrony os\u00f3b fizycznych w zwi\u0105zku z przetwarzaniem danych osobowych i w sprawie swobodnego przep\u0142ywu takich danych.<\/p>\n<p>Niekt\u00f3re u\u017cyte poj\u0119cia maj\u0105 okre\u015blone znaczenie nadane przez wskazane rozporz\u0105dzenie. Obja\u015bnienia tych poj\u0119\u0107 znale\u017a\u0107 mo\u017cna na stronie 5.<\/p>\n<p>Zasady przetwarzania<\/p>\n<p>1. Inter Europol przetwarza, jako administrator, dane powierzone mu przez osoby (pracownik\u00f3w, kontrahent\u00f3w, klient\u00f3w), k\u00f3rych dane dotycz\u0105 na podstawie wyra\u017conej przez nie zgody lub na podstawie zobowi\u0105zania \u0142\u0105cz\u0105cego takie osoby z Inter Europol, je\u015bli jest to niezb\u0119dne dla nale\u017cytego wykonania takiego zobowi\u0105zania. Dane powierzone Inter Europol s\u0105 przetwarzane tylko w \u015bci\u015ble okre\u015blonych celach, znanych osobie, kt\u00f3ra powierza Inter Europol swoje dane oraz tylko przez czas istnienia stosunku b\u0119d\u0105cego podstaw\u0105 przetwarzania.<\/p>\n<p>2. Poza wypadkiem przewidzianym w punkcie 1, Inter Europol przetwarza dane, jako podmiot przetwarzaj\u0105cy, powierzone mu na podstawie umowy przez inne podmioty b\u0119d\u0105ce administratorami danych, zgodnie z warunkami w tej umowie okre\u015blonymi.<\/p>\n<p>3. Inter Europol, przetwarzaj\u0105c dane os?b, kt?rych one dotycz? informuje te osoby o jakiekolwiek zmianie warunk?w na jakich odbywa si? przetwarzanie, w szczeg?lno?ci o zmianie podstawy lub cel?w przetwarzania.<\/p>\n<p>4. Inter Europol przetwarza dane z zachowaniem przejrzysto?ci procedur przetwarzania, ochrony danych przed wszelkimi naruszeniami ze strony os?b niepowo?anych oraz w spos?b rzetelny dbaj?c o ich prawid?owo?? i aktualno??.<\/p>\n<p>5. Inter Europol dba o to, by osoby, kt?rych dane przetwarza by?y ?wiadome swoich praw zwi?zanych z przetwarzaniem ich danych Inter Europol, aktywnie je o tym informuje oraz zapewnia ?atw? i skuteczn? realizacj? tych praw w zwyk?ym toku dzia?ania przedsi?biorstwa.<\/p>\n<p>Ochrona danych<\/p>\n<p>1. Inter Europol zapewnia, ?e przetwarzanie danych odbywa si? jedynie z udzia?em os?b do tego wykwalifikowanych i upowa?nionych, oraz bierze odpowiedzialno?? za ewentualne skutki narusze? wynikaj?cych z ich dzia?a?.<\/p>\n<p>2. W celu zapewnienia ochrony danych os?b fizycznych, Inter Europol stosuje odpowiednie ?rodki techniczne i organizacyjne, w szczeg?lno?ci oprogramowanie s?u??ce do pseudonimizacji lub szyfrowania przetwarzanych danych oraz chroni?ce dane przed jakimkolwiek dzia?aniem zmierzaj?cym do naruszenia bezpiecze?stwa, prywatno?ci, prawid?owo?ci i integralno?ci powierzonych danych.<\/p>\n<p>3. Inter Europol d??y do wyeliminowania wspomnianych narusze? poprzez ci?g?e monitorowanie zagro?e?, ryzyka ich wyst?pienia i sta?e udoskonalanie wspomnianych ?rodk?w ochrony danych.<\/p>\n<p>4. Swoje obowi?zki zwi?zane z ochron? Inter Europol wykonuje tak, aby u?yte ?rodki i metody mog?y by? przedmiotem oceny zewn?trznego kontrolera, w szczeg?lno?ci organu powo?anego do kontroli przestrzegania przez przetwarzaj?cych przepis?w o ochronie danych.<\/p>\n<p>5. W wypadku jakiegokolwiek naruszenia bezpiecze?stwa i prywatno?ci przetwarzanych danych, Inter Europol niezw?ocznie powiadomi osob?, kt?rej dane dotycz? oraz Prezesa Urz?du Ochrony Danych Osobowych o wyst?pieniu naruszenia, jego charakterze i mo?liwych lub rzeczywistych skutkach, w tym o ryzyku wyst?pienia naruszenia wolno?ci i praw osoby, kt?rej dane dotycz?.<\/p>\n<p>Polityka Inter Europol w sprawie praw os?b, kt?rych dane dotycz?<\/p>\n<p>1. Inter Europol prowadzi polityk?, w szczeg?lno?ci informacyjna, zwi?zan? z realizacj? praw os?b, kt?rych dane dotycz? w spos?b przejrzysty, zrozumia?y, d???c do jej uproszczenia, tak aby umo?liwi? osobie, kt?ra chce skorzysta? ze swoich praw swobodny wyb?r sposobu porozumiewania si?.<\/p>\n<p>2. W wypadku zwr?cenia si? do Inter Europol osoby, kt?rej dane dotycz? z wol? skorzystania, z kt?rego? z jej praw, Inter Europol niezw?ocznie, w zwyk?ym toku spraw przedsi?biorstwa podejmuje wszelkie konieczne dzia?ania zmierzaj?ce do ich wykonania.<\/p>\n<p>3. Podczas pozyskiwania od osoby, kt?rej dane dotycz? lub podczas zmiany celu przetwarzania takich danych, Inter Europol udziela osobie, kt?rej dane dotycz? szczeg??owych informacji o warunkach przetwarzania i sobie jako administratorze danych.<\/p>\n<p>4. W sytuacji pozyskiwania danych nie od osoby, kt?rej dane dotycz?, Inter Europol informuje j? o tym i udziela jej szczeg??owych informacji na temat powodu pozyskania jej danych i jego ?r?d?a, jak r?wnie? informacji o warunkach przetwarzania danych.<\/p>\n<p>5. Prawa, kt?re przys?uguj? osobie, kt?rej dane dotycz? w zwi?zku z przetwarzaniem jej danych obejmuj? w szczeg?lno?ci:<\/p>\n<p>? Prawo dost?pu do informacji zwi?zanych z przetwarzaniem jej danych<br \/>\n? Prawo do sprostowania danych<br \/>\n? Prawo do usuni?cia danych<br \/>\n? Prawo do ??dania ograniczenia przetwarzania danych<br \/>\n? Prawo do przeniesienia danych<br \/>\n? Prawo do sprzeciwu wobec przetwarzania danych<br \/>\n? Prawo do niepodlegania profilowaniu, je?li nie jest ono niezb?dne dla wykonania zobowi?zania ??cz?cego Inter Europol z osob?, kt?rej dane dotycz? lub nie zosta?a na nie wyra?ona zgoda<\/p>\n<p>6. Aby umo?liwi? i maksymalnie u?atwi? osobom, kt?rych dane dotycz? korzystanie<br \/>\nz wy?ej wymienionych praw, Inter Europol stosuje wewn?trzne procedury i wyznacza pracownik?w odpowiedzialnych za kontakt z osobami, kt?re chc? ze swoich praw skorzysta?. O procedurach, o kt?rych mowa w zdaniu poprzedzaj?cym informuje niezw?ocznie i w pe?nym zakresie osob?, kt?ra wyrazi wol? skorzystania, z kt?rego? z przys?uguj?cych jej praw.<\/p>\n<p>Zagadnienia szczeg?lne<\/p>\n<p>1. Poza przypadkami okre?lonymi w punkcie 1 i 2 Zasad przetwarzania, Inter Europol przetwarza dane os?b fizycznych w?wczas, gdy wymaga tego realizacja obowi?zk?w wynikaj?cych z przepis?w prawa.<\/p>\n<p>2. Inter Europol nie dokonuje przetwarzania szczeg?lnych rodzaj?w danych w rozumieniu rozporz?dzenia Rozporz?dzenia Parlamentu Europejskiego i Rady (UE) 2016\/679 z dnia 27 kwietnia 2016 r. w sprawie ochrony os?b fizycznych w zwi?zku z przetwarzaniem danych osobowych i w sprawie swobodnego przep?ywu takich danych.<\/p>\n<p>3. Je?eli dane nie s? ju? niezb?dne dla realizacji cel?w Inter Europol, a nie umo?liwiaj? identyfikacji osoby, kt?rej dotycz?, to Inter Europol nie ma obowi?zku d??y? do uzupe?nienia ich tak, aby mo?liwa by?a identyfikacja osoby, kt?rej one dotycz?.<\/p>\n<p>4. Inter Europol nie przekazuje danych os?b fizycznych, kt?re przetwarza poza obszar Europejskiego Obszaru Gospodarczego.<\/p>\n<p>5. Mo?liwymi odbiorcami danych przetwarzanych przez Inter Europol s? jego partnerzy handlowi, we wsp??pracy, z kt?rymi prowadzi dzia?alno?? lub wykonuje zobowi?zania b?d?ce podstaw? pozyskania przetwarzanych danych. Powierzenie przetwarzania danych, kt?rych Inter Europol jest administratorem jest dopuszczalne jedynie na podstawie umowy o powierzeniu przetwarzania danych. Postanowienia takiej umowy musz? zobowi?zywa? podmiot, kt?remu Inter Europol powierza przetwarzanie do realizacji takiego samego zakresu obowi?zk?w jaki wynika z przyj?tej polityki prywatno?ci.<\/p>\n<p>U?yte poj?cia:<\/p>\n<p>?dane osobowe? oznaczaj? informacje o zidentyfikowanej lub mo?liwej do zidentyfikowania osobie fizycznej<\/p>\n<p>?przetwarzanie? oznaczaj? dzia?ania wykonywane na danych osobowych w spos?b zautomatyzowany lub niezautomatyzowany, takie jak zbieranie, utrwalanie, organizowanie, porz?dkowanie, przechowywanie, adaptowanie lub modyfikowanie, pobieranie, przegl?danie, wykorzystywanie, ujawnianie poprzez przes?anie, rozpowszechnianie lub innego rodzaju udost?pnianie, dopasowywanie lub ??czenie, ograniczanie, usuwanie lub niszczenie;<\/p>\n<p>?ograniczenie przetwarzania? oznacza oznaczenie przechowywanych danych osobowych w celu ograniczenia ich przysz?ego przetwarzania;<\/p>\n<p>?profilowanie? oznacza dowoln? form? zautomatyzowanego przetwarzania danych osobowych, kt?re polega na wykorzystaniu danych osobowych do oceny niekt?rych czynnik?w osobowych osoby fizycznej, w szczeg?lno?ci do analizy lub prognozy aspekt?w dotycz?cych efekt?w pracy tej osoby fizycznej, jej sytuacji ekonomicznej, zdrowia, osobistych preferencji, zainteresowa?, wiarygodno?ci, zachowania, lokalizacji lub przemieszczania si?;<\/p>\n<p>?pseudonimizacja? oznacza przetworzenie danych osobowych w taki spos?b, by nie mo?na ich by?o ju? przypisa? konkretnej osobie, kt?rej dane dotycz?, bez u?ycia dodatkowych informacji, pod warunkiem ?e takie dodatkowe informacje s? przechowywane osobno i s? obj?te ?rodkami technicznymi i organizacyjnymi uniemo?liwiaj?cymi ich przypisanie zidentyfikowanej lub mo?liwej do zidentyfikowania osobie fizycznej;<\/p>\n<p>?administrator? oznacza osob? fizyczn? lub prawn?, organ publiczny, jednostk? lub inny podmiot, kt?ry samodzielnie lub wsp?lnie z innymi ustala cele i sposoby przetwarzania danych osobowych;<\/p>\n<p>?podmiot przetwarzaj?cy? oznacza osob? fizyczn? lub prawn?, organ publiczny, jednostk? lub inny podmiot, kt?ry przetwarza dane osobowe w imieniu administratora;<\/p>\n<p>?odbiorca? oznacza osob? fizyczn? lub prawn?, organ publiczny, jednostk? lub inny podmiot, kt?remu ujawnia si? dane osobowe, niezale?nie od tego, czy jest stron? trzeci?.<\/p>\n<p>?zgoda? osoby, kt?rej dane dotycz? oznacza dobrowolne, konkretne, ?wiadome i jednoznaczne okazanie woli, kt?rym osoba, kt?rej dane dotycz?, w formie o?wiadczenia lub wyra?nego dzia?ania potwierdzaj?cego, przyzwala na przetwarzanie dotycz?cych jej danych osobowych;<\/p>\n<p>?naruszenie ochrony danych osobowych? oznacza naruszenie bezpiecze?stwa prowadz?ce do przypadkowego lub niezgodnego z prawem zniszczenia, utracenia, zmodyfikowania, nieuprawnionego ujawnienia lub nieuprawnionego dost?pu do danych osobowych przesy?anych, przechowywanych lub w inny spos?b przetwarzanych;<\/p>","protected":false},"excerpt":{"rendered":"<p>Sorry, this entry is only available in Polski. Polityka Prywatno\u015bci Inter Europol S.A. , z siedzib\u0105 pod adresem ul. S\u0142oneczna 22 (05-270) w Markach, zarejestrowana w KRS pod numerem 0000674460 przyjmuje niniejsz\u0105 polityk\u0119 w celu zapewnienia jak najlepszej mo\u017cliwej ochrony danych os\u00f3b fizycznych, kt\u00f3re przetwarza w ramach prowadzonej przez siebie [&hellip;]<\/p>\n","protected":false},"author":1,"featured_media":0,"parent":0,"menu_order":0,"comment_status":"closed","ping_status":"closed","template":"","meta":{"footnotes":""},"class_list":["post-2732","page","type-page","status-publish","hentry"],"yoast_head":"<!-- This site is optimized with the Yoast SEO plugin v27.5 - https:\/\/yoast.com\/product\/yoast-seo-wordpress\/ -->\n<title>Privacy Policy - Inter Europol Competition<\/title>\n<meta name=\"robots\" content=\"index, follow, max-snippet:-1, max-image-preview:large, max-video-preview:-1\" \/>\n<link rel=\"canonical\" href=\"https:\/\/intereuropolcompetition.eu\/en\/privacy_policy\/\" \/>\n<meta property=\"og:locale\" content=\"en_US\" \/>\n<meta property=\"og:type\" content=\"article\" \/>\n<meta property=\"og:title\" content=\"Privacy Policy - Inter Europol Competition\" \/>\n<meta property=\"og:description\" content=\"Sorry, this entry is only available in Polski. Polityka Prywatno\u015bci Inter Europol S.A. , z siedzib\u0105 pod adresem ul. S\u0142oneczna 22 (05-270) w Markach, zarejestrowana w KRS pod numerem 0000674460 przyjmuje niniejsz\u0105 polityk\u0119 w celu zapewnienia jak najlepszej mo\u017cliwej ochrony danych os\u00f3b fizycznych, kt\u00f3re przetwarza w ramach prowadzonej przez siebie [&hellip;]\" \/>\n<meta property=\"og:url\" content=\"https:\/\/intereuropolcompetition.eu\/en\/privacy_policy\/\" \/>\n<meta property=\"og:site_name\" content=\"Inter Europol Competition\" \/>\n<meta property=\"article:publisher\" content=\"https:\/\/www.facebook.com\/InterEuropolCompetition\" \/>\n<meta property=\"article:modified_time\" content=\"2023-12-18T21:49:39+00:00\" \/>\n<meta property=\"og:image\" content=\"https:\/\/intereuropolcompetition.eu\/wp-content\/uploads\/2023\/11\/DSC05939-1024x576-1.jpg\" \/>\n\t<meta property=\"og:image:width\" content=\"1024\" \/>\n\t<meta property=\"og:image:height\" content=\"576\" \/>\n\t<meta property=\"og:image:type\" content=\"image\/jpeg\" \/>\n<meta name=\"twitter:card\" content=\"summary_large_image\" \/>\n<meta name=\"twitter:site\" content=\"@IE_Competition\" \/>\n<meta name=\"twitter:label1\" content=\"Est. reading time\" \/>\n\t<meta name=\"twitter:data1\" content=\"8 minutes\" \/>\n<script type=\"application\/ld+json\" class=\"yoast-schema-graph\">{\"@context\":\"https:\\\/\\\/schema.org\",\"@graph\":[{\"@type\":\"WebPage\",\"@id\":\"https:\\\/\\\/intereuropolcompetition.eu\\\/en\\\/privacy_policy\\\/\",\"url\":\"https:\\\/\\\/intereuropolcompetition.eu\\\/en\\\/privacy_policy\\\/\",\"name\":\"Privacy Policy - Inter Europol Competition\",\"isPartOf\":{\"@id\":\"https:\\\/\\\/intereuropolcompetition.eu\\\/en\\\/#website\"},\"datePublished\":\"2018-09-20T10:50:43+00:00\",\"dateModified\":\"2023-12-18T21:49:39+00:00\",\"breadcrumb\":{\"@id\":\"https:\\\/\\\/intereuropolcompetition.eu\\\/en\\\/privacy_policy\\\/#breadcrumb\"},\"inLanguage\":\"en-US\",\"potentialAction\":[{\"@type\":\"ReadAction\",\"target\":[[\"https:\\\/\\\/intereuropolcompetition.eu\\\/en\\\/privacy_policy\\\/\"]]}]},{\"@type\":\"BreadcrumbList\",\"@id\":\"https:\\\/\\\/intereuropolcompetition.eu\\\/en\\\/privacy_policy\\\/#breadcrumb\",\"itemListElement\":[{\"@type\":\"ListItem\",\"position\":1,\"name\":\"Home\",\"item\":\"https:\\\/\\\/intereuropolcompetition.eu\\\/en\\\/\"},{\"@type\":\"ListItem\",\"position\":2,\"name\":\"Polityka Prywatno\u015bci\"}]},{\"@type\":\"WebSite\",\"@id\":\"https:\\\/\\\/intereuropolcompetition.eu\\\/en\\\/#website\",\"url\":\"https:\\\/\\\/intereuropolcompetition.eu\\\/en\\\/\",\"name\":\"Inter Europol Competition\",\"description\":\"An international team taking part in the VDEV, ELMS and BOSS GP races\",\"potentialAction\":[{\"@type\":\"SearchAction\",\"target\":{\"@type\":\"EntryPoint\",\"urlTemplate\":\"https:\\\/\\\/intereuropolcompetition.eu\\\/en\\\/?s={search_term_string}\"},\"query-input\":{\"@type\":\"PropertyValueSpecification\",\"valueRequired\":true,\"valueName\":\"search_term_string\"}}],\"inLanguage\":\"en-US\"}]}<\/script>\n<!-- \/ Yoast SEO plugin. -->","yoast_head_json":{"title":"Privacy Policy - Inter Europol Competition","robots":{"index":"index","follow":"follow","max-snippet":"max-snippet:-1","max-image-preview":"max-image-preview:large","max-video-preview":"max-video-preview:-1"},"canonical":"https:\/\/intereuropolcompetition.eu\/en\/privacy_policy\/","og_locale":"en_US","og_type":"article","og_title":"Privacy Policy - Inter Europol Competition","og_description":"Sorry, this entry is only available in Polski. Polityka Prywatno\u015bci Inter Europol S.A. , z siedzib\u0105 pod adresem ul. S\u0142oneczna 22 (05-270) w Markach, zarejestrowana w KRS pod numerem 0000674460 przyjmuje niniejsz\u0105 polityk\u0119 w celu zapewnienia jak najlepszej mo\u017cliwej ochrony danych os\u00f3b fizycznych, kt\u00f3re przetwarza w ramach prowadzonej przez siebie [&hellip;]","og_url":"https:\/\/intereuropolcompetition.eu\/en\/privacy_policy\/","og_site_name":"Inter Europol Competition","article_publisher":"https:\/\/www.facebook.com\/InterEuropolCompetition","article_modified_time":"2023-12-18T21:49:39+00:00","og_image":[{"width":1024,"height":576,"url":"https:\/\/intereuropolcompetition.eu\/wp-content\/uploads\/2023\/11\/DSC05939-1024x576-1.jpg","type":"image\/jpeg"}],"twitter_card":"summary_large_image","twitter_site":"@IE_Competition","twitter_misc":{"Est. reading time":"8 minutes"},"schema":{"@context":"https:\/\/schema.org","@graph":[{"@type":"WebPage","@id":"https:\/\/intereuropolcompetition.eu\/en\/privacy_policy\/","url":"https:\/\/intereuropolcompetition.eu\/en\/privacy_policy\/","name":"Privacy Policy - Inter Europol Competition","isPartOf":{"@id":"https:\/\/intereuropolcompetition.eu\/en\/#website"},"datePublished":"2018-09-20T10:50:43+00:00","dateModified":"2023-12-18T21:49:39+00:00","breadcrumb":{"@id":"https:\/\/intereuropolcompetition.eu\/en\/privacy_policy\/#breadcrumb"},"inLanguage":"en-US","potentialAction":[{"@type":"ReadAction","target":[["https:\/\/intereuropolcompetition.eu\/en\/privacy_policy\/"]]}]},{"@type":"BreadcrumbList","@id":"https:\/\/intereuropolcompetition.eu\/en\/privacy_policy\/#breadcrumb","itemListElement":[{"@type":"ListItem","position":1,"name":"Home","item":"https:\/\/intereuropolcompetition.eu\/en\/"},{"@type":"ListItem","position":2,"name":"Polityka Prywatno\u015bci"}]},{"@type":"WebSite","@id":"https:\/\/intereuropolcompetition.eu\/en\/#website","url":"https:\/\/intereuropolcompetition.eu\/en\/","name":"Inter Europol Competition","description":"An international team taking part in the VDEV, ELMS and BOSS GP races","potentialAction":[{"@type":"SearchAction","target":{"@type":"EntryPoint","urlTemplate":"https:\/\/intereuropolcompetition.eu\/en\/?s={search_term_string}"},"query-input":{"@type":"PropertyValueSpecification","valueRequired":true,"valueName":"search_term_string"}}],"inLanguage":"en-US"}]}},"_links":{"self":[{"href":"https:\/\/intereuropolcompetition.eu\/en\/wp-json\/wp\/v2\/pages\/2732","targetHints":{"allow":["GET"]}}],"collection":[{"href":"https:\/\/intereuropolcompetition.eu\/en\/wp-json\/wp\/v2\/pages"}],"about":[{"href":"https:\/\/intereuropolcompetition.eu\/en\/wp-json\/wp\/v2\/types\/page"}],"author":[{"embeddable":true,"href":"https:\/\/intereuropolcompetition.eu\/en\/wp-json\/wp\/v2\/users\/1"}],"replies":[{"embeddable":true,"href":"https:\/\/intereuropolcompetition.eu\/en\/wp-json\/wp\/v2\/comments?post=2732"}],"version-history":[{"count":0,"href":"https:\/\/intereuropolcompetition.eu\/en\/wp-json\/wp\/v2\/pages\/2732\/revisions"}],"wp:attachment":[{"href":"https:\/\/intereuropolcompetition.eu\/en\/wp-json\/wp\/v2\/media?parent=2732"}],"curies":[{"name":"wp","href":"https:\/\/api.w.org\/{rel}","templated":true}]}}